{"id":34630,"date":"2025-09-29T07:29:58","date_gmt":"2025-09-28T23:29:58","guid":{"rendered":"https:\/\/s2026.instawp.co\/terminos-de-servicio\/"},"modified":"2026-02-01T16:34:39","modified_gmt":"2026-02-01T08:34:39","slug":"terms-of-service","status":"publish","type":"page","link":"https:\/\/speechgenie.co\/es\/terms-of-service\/","title":{"rendered":"T\u00e9rminos de Servicio"},"content":{"rendered":"<style>.wp-block-kadence-spacer.kt-block-spacer-4010_31f532-d1 .kt-block-spacer{height:60px;}.wp-block-kadence-spacer.kt-block-spacer-4010_31f532-d1 .kt-divider{border-top-width:1px;height:1px;border-top-color:#eee;width:80%;border-top-style:solid;}<\/style>\n<div class=\"wp-block-kadence-spacer aligncenter kt-block-spacer-4010_31f532-d1\"><div class=\"kt-block-spacer kt-block-spacer-halign-center\"><hr class=\"kt-divider\"\/><\/div><\/div>\n<style>.kb-row-layout-id4010_910769-23 > .kt-row-column-wrap{align-content:start;}:where(.kb-row-layout-id4010_910769-23 > .kt-row-column-wrap) > .wp-block-kadence-column{justify-content:start;}.kb-row-layout-id4010_910769-23 > .kt-row-column-wrap{column-gap:var(--global-kb-gap-md, 2rem);row-gap:var(--global-kb-gap-md, 2rem);padding-top:var(--global-kb-spacing-sm, 1.5rem);padding-bottom:var(--global-kb-spacing-sm, 1.5rem);grid-template-columns:minmax(0, 1fr);}.kb-row-layout-id4010_910769-23 > .kt-row-layout-overlay{opacity:0.30;}@media all and (max-width: 1024px){.kb-row-layout-id4010_910769-23 > .kt-row-column-wrap{grid-template-columns:minmax(0, 1fr);}}@media all and (max-width: 767px){.kb-row-layout-id4010_910769-23 > .kt-row-column-wrap{grid-template-columns:minmax(0, 1fr);}}<\/style><div class=\"kb-row-layout-wrap kb-row-layout-id4010_910769-23 alignnone wp-block-kadence-rowlayout\"><div class=\"kt-row-column-wrap kt-has-1-columns kt-row-layout-equal kt-tab-layout-inherit kt-mobile-layout-row kt-row-valign-top\">\n<style>.kadence-column4010_dcc926-51 > .kt-inside-inner-col{padding-top:var(--global-kb-spacing-xl, 4rem);padding-right:var(--global-kb-spacing-xl, 4rem);padding-bottom:var(--global-kb-spacing-xl, 4rem);padding-left:var(--global-kb-spacing-xl, 4rem);}.kadence-column4010_dcc926-51 > .kt-inside-inner-col,.kadence-column4010_dcc926-51 > .kt-inside-inner-col:before{border-top-left-radius:0px;border-top-right-radius:0px;border-bottom-right-radius:0px;border-bottom-left-radius:0px;}.kadence-column4010_dcc926-51 > .kt-inside-inner-col{column-gap:var(--global-kb-gap-sm, 1rem);}.kadence-column4010_dcc926-51 > .kt-inside-inner-col{flex-direction:column;}.kadence-column4010_dcc926-51 > .kt-inside-inner-col > .aligncenter{width:100%;}.kadence-column4010_dcc926-51 > .kt-inside-inner-col:before{opacity:0.3;}.kadence-column4010_dcc926-51{position:relative;}@media all and (max-width: 1024px){.kadence-column4010_dcc926-51 > .kt-inside-inner-col{flex-direction:column;justify-content:center;}}@media all and (max-width: 767px){.kadence-column4010_dcc926-51 > .kt-inside-inner-col{flex-direction:column;justify-content:center;}}<\/style>\n<div class=\"wp-block-kadence-column kadence-column4010_dcc926-51\"><div class=\"kt-inside-inner-col\"><style>.wp-block-kadence-advancedheading.kt-adv-heading4010_50e003-33, .wp-block-kadence-advancedheading.kt-adv-heading4010_50e003-33[data-kb-block=\"kb-adv-heading4010_50e003-33\"]{font-style:normal;}.wp-block-kadence-advancedheading.kt-adv-heading4010_50e003-33 mark.kt-highlight, .wp-block-kadence-advancedheading.kt-adv-heading4010_50e003-33[data-kb-block=\"kb-adv-heading4010_50e003-33\"] mark.kt-highlight{font-style:normal;color:#f76a0c;-webkit-box-decoration-break:clone;box-decoration-break:clone;padding-top:0px;padding-right:0px;padding-bottom:0px;padding-left:0px;}.wp-block-kadence-advancedheading.kt-adv-heading4010_50e003-33 img.kb-inline-image, .wp-block-kadence-advancedheading.kt-adv-heading4010_50e003-33[data-kb-block=\"kb-adv-heading4010_50e003-33\"] img.kb-inline-image{width:150px;vertical-align:baseline;}<\/style>\n<h1 class=\"kt-adv-heading4010_50e003-33 wp-block-kadence-advancedheading\" data-kb-block=\"kb-adv-heading4010_50e003-33\">Normas de la Comunidad <\/h1>\n\n\n\n<p><strong>Fecha de entrada en vigor:<\/strong>\u00a020260130<br\/>\u00a1Te damos la bienvenida a Speech Genie en <a href=\"https:\/\/speechgenie.co\/\" title=\"\">https:\/\/speechgenie.co\/<\/a>! Estamos encantados de tenerte aqu\u00ed. Ya sea que inicies sesi\u00f3n con Google, Facebook o de otra manera, al unirte a nuestro espacio, aceptas estas sencillas normas de la comunidad.<\/p>\n\n\n\n<p>Esto no es un documento legal. Es solo un recordatorio amistoso de c\u00f3mo mantenemos un ambiente respetuoso y agradable para todos.<\/p>\n\n\n\n<hr class=\"wp-block-separator has-alpha-channel-opacity\"\/>\n\n\n<style>.wp-block-kadence-advancedheading.kt-adv-heading4010_4be4e1-97, .wp-block-kadence-advancedheading.kt-adv-heading4010_4be4e1-97[data-kb-block=\"kb-adv-heading4010_4be4e1-97\"]{font-style:normal;}.wp-block-kadence-advancedheading.kt-adv-heading4010_4be4e1-97 mark.kt-highlight, .wp-block-kadence-advancedheading.kt-adv-heading4010_4be4e1-97[data-kb-block=\"kb-adv-heading4010_4be4e1-97\"] mark.kt-highlight{font-style:normal;color:#f76a0c;-webkit-box-decoration-break:clone;box-decoration-break:clone;padding-top:0px;padding-right:0px;padding-bottom:0px;padding-left:0px;}.wp-block-kadence-advancedheading.kt-adv-heading4010_4be4e1-97 img.kb-inline-image, .wp-block-kadence-advancedheading.kt-adv-heading4010_4be4e1-97[data-kb-block=\"kb-adv-heading4010_4be4e1-97\"] img.kb-inline-image{width:150px;vertical-align:baseline;}<\/style>\n<h2 class=\"kt-adv-heading4010_4be4e1-97 wp-block-kadence-advancedheading\" data-kb-block=\"kb-adv-heading4010_4be4e1-97\">1. <strong>El respeto no es negociable<\/strong><\/h2>\n\n\n\n<p>Estamos construyendo un espacio positivo e inclusivo. Al unirte, te comprometes a:<\/p>\n\n\n\n<ul class=\"wp-block-list\">\n<li>Ser amable y respetuoso\/a con todo el mundo.<\/li>\n\n\n\n<li>Nada de troleos, intimidaci\u00f3n, acoso ni abusos.<\/li>\n\n\n\n<li>Nada de discriminaci\u00f3n ni discursos de odio de ning\u00fan tipo. <\/li>\n\n\n\n<li>Nada de spam, autopromoci\u00f3n (a menos que se te invite) ni distracciones fuera de tema. <\/li>\n\n\n\n<li>Mantener las conversaciones constructivas y amigables.<\/li>\n<\/ul>\n\n\n\n<p>En resumen: <strong>No seas idiota.<\/strong> Queremos que esta comunidad sea un lugar acogedor para todos.<\/p>\n\n\n\n<hr class=\"wp-block-separator has-alpha-channel-opacity\"\/>\n\n\n<style>.wp-block-kadence-advancedheading.kt-adv-heading4010_00c35b-71, .wp-block-kadence-advancedheading.kt-adv-heading4010_00c35b-71[data-kb-block=\"kb-adv-heading4010_00c35b-71\"]{font-style:normal;}.wp-block-kadence-advancedheading.kt-adv-heading4010_00c35b-71 mark.kt-highlight, .wp-block-kadence-advancedheading.kt-adv-heading4010_00c35b-71[data-kb-block=\"kb-adv-heading4010_00c35b-71\"] mark.kt-highlight{font-style:normal;color:#f76a0c;-webkit-box-decoration-break:clone;box-decoration-break:clone;padding-top:0px;padding-right:0px;padding-bottom:0px;padding-left:0px;}.wp-block-kadence-advancedheading.kt-adv-heading4010_00c35b-71 img.kb-inline-image, .wp-block-kadence-advancedheading.kt-adv-heading4010_00c35b-71[data-kb-block=\"kb-adv-heading4010_00c35b-71\"] img.kb-inline-image{width:150px;vertical-align:baseline;}<\/style>\n<h2 class=\"kt-adv-heading4010_00c35b-71 wp-block-kadence-advancedheading\" data-kb-block=\"kb-adv-heading4010_00c35b-71\">2. <strong>S\u00e9 t\u00fa mismo (\u00a1y s\u00e9 honesto!)<\/strong><\/h2>\n\n\n\n<p>Cuando inicies sesi\u00f3n con Google o Facebook, te pedimos que:<\/p>\n\n\n\n<ul class=\"wp-block-list\">\n<li>Uses tu informaci\u00f3n real: nada de nombres falsos ni de hacerte pasar por otra persona. <\/li>\n\n\n\n<li>Mantengas tu cuenta segura (por favor, no compartas tus datos de acceso).<\/li>\n\n\n\n<li>Respetes la privacidad de los dem\u00e1s como te gustar\u00eda que respetaran la tuya.<\/li>\n<\/ul>\n\n\n\n<hr class=\"wp-block-separator has-alpha-channel-opacity\"\/>\n\n\n<style>.wp-block-kadence-advancedheading.kt-adv-heading4010_e85d12-59, .wp-block-kadence-advancedheading.kt-adv-heading4010_e85d12-59[data-kb-block=\"kb-adv-heading4010_e85d12-59\"]{font-style:normal;}.wp-block-kadence-advancedheading.kt-adv-heading4010_e85d12-59 mark.kt-highlight, .wp-block-kadence-advancedheading.kt-adv-heading4010_e85d12-59[data-kb-block=\"kb-adv-heading4010_e85d12-59\"] mark.kt-highlight{font-style:normal;color:#f76a0c;-webkit-box-decoration-break:clone;box-decoration-break:clone;padding-top:0px;padding-right:0px;padding-bottom:0px;padding-left:0px;}.wp-block-kadence-advancedheading.kt-adv-heading4010_e85d12-59 img.kb-inline-image, .wp-block-kadence-advancedheading.kt-adv-heading4010_e85d12-59[data-kb-block=\"kb-adv-heading4010_e85d12-59\"] img.kb-inline-image{width:150px;vertical-align:baseline;}<\/style>\n<h2 class=\"kt-adv-heading4010_e85d12-59 wp-block-kadence-advancedheading\" data-kb-block=\"kb-adv-heading4010_e85d12-59\">3. <strong>Tu informaci\u00f3n es asunto tuyo<\/strong><\/h2>\n\n\n\n<p>Al iniciar sesi\u00f3n, nos das informaci\u00f3n b\u00e1sica (como tu nombre y correo electr\u00f3nico). Solo la usamos para:<\/p>\n\n\n\n<ul class=\"wp-block-list\">\n<li>Mantener el buen funcionamiento de la comunidad. <\/li>\n\n\n\n<li>Enviarte actualizaciones importantes (nada de spam, \u00a1palabra!). <\/li>\n<\/ul>\n\n\n\n<p>No vendemos tus datos. Nunca. Para m\u00e1s detalles, consulta nuestra [Pol\u00edtica de Privacidad] (pr\u00f3ximamente).<\/p>\n\n\n\n<hr class=\"wp-block-separator has-alpha-channel-opacity\"\/>\n\n\n<style>.wp-block-kadence-advancedheading.kt-adv-heading4010_a92c8b-2e, .wp-block-kadence-advancedheading.kt-adv-heading4010_a92c8b-2e[data-kb-block=\"kb-adv-heading4010_a92c8b-2e\"]{font-style:normal;}.wp-block-kadence-advancedheading.kt-adv-heading4010_a92c8b-2e mark.kt-highlight, .wp-block-kadence-advancedheading.kt-adv-heading4010_a92c8b-2e[data-kb-block=\"kb-adv-heading4010_a92c8b-2e\"] mark.kt-highlight{font-style:normal;color:#f76a0c;-webkit-box-decoration-break:clone;box-decoration-break:clone;padding-top:0px;padding-right:0px;padding-bottom:0px;padding-left:0px;}.wp-block-kadence-advancedheading.kt-adv-heading4010_a92c8b-2e img.kb-inline-image, .wp-block-kadence-advancedheading.kt-adv-heading4010_a92c8b-2e[data-kb-block=\"kb-adv-heading4010_a92c8b-2e\"] img.kb-inline-image{width:150px;vertical-align:baseline;}<\/style>\n<h2 class=\"kt-adv-heading4010_a92c8b-2e wp-block-kadence-advancedheading\" data-kb-block=\"kb-adv-heading4010_a92c8b-2e\">4. <strong>El ambiente de la comunidad<\/strong> <\/h2>\n\n\n\n<p>Este espacio es tanto tuyo como nuestro.<br\/>Te animamos a:<\/p>\n\n\n\n<ul class=\"wp-block-list\">\n<li>Compartir ideas y consejos \u00fatiles.<\/li>\n\n\n\n<li>Hacer buenas preguntas.<\/li>\n\n\n\n<li>Escuchar con la mente abierta.<\/li>\n\n\n\n<li>Ayudarnos a mantener un entorno seguro y divertido denunciando los malos comportamientos. <\/li>\n<\/ul>\n\n\n\n<hr class=\"wp-block-separator has-alpha-channel-opacity\"\/>\n\n\n<style>.wp-block-kadence-advancedheading.kt-adv-heading4010_41900e-99, .wp-block-kadence-advancedheading.kt-adv-heading4010_41900e-99[data-kb-block=\"kb-adv-heading4010_41900e-99\"]{font-style:normal;}.wp-block-kadence-advancedheading.kt-adv-heading4010_41900e-99 mark.kt-highlight, .wp-block-kadence-advancedheading.kt-adv-heading4010_41900e-99[data-kb-block=\"kb-adv-heading4010_41900e-99\"] mark.kt-highlight{font-style:normal;color:#f76a0c;-webkit-box-decoration-break:clone;box-decoration-break:clone;padding-top:0px;padding-right:0px;padding-bottom:0px;padding-left:0px;}.wp-block-kadence-advancedheading.kt-adv-heading4010_41900e-99 img.kb-inline-image, .wp-block-kadence-advancedheading.kt-adv-heading4010_41900e-99[data-kb-block=\"kb-adv-heading4010_41900e-99\"] img.kb-inline-image{width:150px;vertical-align:baseline;}<\/style>\n<h2 class=\"kt-adv-heading4010_41900e-99 wp-block-kadence-advancedheading\" data-kb-block=\"kb-adv-heading4010_41900e-99\">5. <strong>Si las cosas se tuercen<\/strong><\/h2>\n\n\n\n<p>Si alguien rompe las reglas (o el buen rollo), podr\u00edamos:<\/p>\n\n\n\n<ul class=\"wp-block-list\">\n<li>Dar un toque o un recordatorio amistoso.<\/li>\n\n\n\n<li>Suspender cuentas temporalmente.<\/li>\n\n\n\n<li>Eliminar permanentemente las cuentas en casos graves (odiamos hacerlo, pero lo haremos si es necesario).<\/li>\n<\/ul>\n\n\n\n<hr class=\"wp-block-separator has-alpha-channel-opacity\"\/>\n\n\n\n<blockquote class=\"wp-block-quote is-layout-flow wp-block-quote-is-layout-flow\">\n<h2 class=\"wp-block-heading\">6. <strong>Puede haber actualizaciones<\/strong> <\/h2>\n<\/blockquote>\n\n\n\n<p>Es posible que actualicemos estos t\u00e9rminos de vez en cuando. Si lo hacemos, te avisaremos en el sitio web o por correo electr\u00f3nico. Si contin\u00faas con nosotros despu\u00e9s de los cambios, significa que est\u00e1s de acuerdo con ellos. <\/p>\n\n\n\n<hr class=\"wp-block-separator has-alpha-channel-opacity\"\/>\n\n\n<style>.wp-block-kadence-advancedheading.kt-adv-heading4010_f53f2d-3d, .wp-block-kadence-advancedheading.kt-adv-heading4010_f53f2d-3d[data-kb-block=\"kb-adv-heading4010_f53f2d-3d\"]{font-style:normal;}.wp-block-kadence-advancedheading.kt-adv-heading4010_f53f2d-3d mark.kt-highlight, .wp-block-kadence-advancedheading.kt-adv-heading4010_f53f2d-3d[data-kb-block=\"kb-adv-heading4010_f53f2d-3d\"] mark.kt-highlight{font-style:normal;color:#f76a0c;-webkit-box-decoration-break:clone;box-decoration-break:clone;padding-top:0px;padding-right:0px;padding-bottom:0px;padding-left:0px;}.wp-block-kadence-advancedheading.kt-adv-heading4010_f53f2d-3d img.kb-inline-image, .wp-block-kadence-advancedheading.kt-adv-heading4010_f53f2d-3d[data-kb-block=\"kb-adv-heading4010_f53f2d-3d\"] img.kb-inline-image{width:150px;vertical-align:baseline;}<\/style>\n<h2 class=\"kt-adv-heading4010_f53f2d-3d wp-block-kadence-advancedheading\" data-kb-block=\"kb-adv-heading4010_f53f2d-3d\">7. <strong>\u00a1Habla con nosotros!<\/strong><\/h2>\n\n\n\n<p>\u00bfTienes alguna pregunta? \u00bfQuieres denunciar algo? \u00bfO simplemente saludar?<br\/>Cont\u00e1ctanos cuando quieras, somos humanos y estamos <a href=\"https:\/\/speechgenie.co\/es\/contate-nos\/\" title=\"\">aqu\u00ed.<\/a> <\/p>\n\n\n\n<hr class=\"wp-block-separator has-alpha-channel-opacity\"\/>\n\n\n<style>.wp-block-kadence-advancedheading.kt-adv-heading4010_66b8ba-8e, .wp-block-kadence-advancedheading.kt-adv-heading4010_66b8ba-8e[data-kb-block=\"kb-adv-heading4010_66b8ba-8e\"]{font-style:normal;}.wp-block-kadence-advancedheading.kt-adv-heading4010_66b8ba-8e mark.kt-highlight, .wp-block-kadence-advancedheading.kt-adv-heading4010_66b8ba-8e[data-kb-block=\"kb-adv-heading4010_66b8ba-8e\"] mark.kt-highlight{font-style:normal;color:#f76a0c;-webkit-box-decoration-break:clone;box-decoration-break:clone;padding-top:0px;padding-right:0px;padding-bottom:0px;padding-left:0px;}.wp-block-kadence-advancedheading.kt-adv-heading4010_66b8ba-8e img.kb-inline-image, .wp-block-kadence-advancedheading.kt-adv-heading4010_66b8ba-8e[data-kb-block=\"kb-adv-heading4010_66b8ba-8e\"] img.kb-inline-image{width:150px;vertical-align:baseline;}<\/style>\n<h2 class=\"kt-adv-heading4010_66b8ba-8e wp-block-kadence-advancedheading\" data-kb-block=\"kb-adv-heading4010_66b8ba-8e\">8. <strong>Acceso VIP (\u00a1Un aviso!)<\/strong> <\/h2>\n\n\n<style>.wp-block-kadence-advancedheading.kt-adv-heading4010_3e652a-f5, .wp-block-kadence-advancedheading.kt-adv-heading4010_3e652a-f5[data-kb-block=\"kb-adv-heading4010_3e652a-f5\"]{font-style:normal;}.wp-block-kadence-advancedheading.kt-adv-heading4010_3e652a-f5 mark.kt-highlight, .wp-block-kadence-advancedheading.kt-adv-heading4010_3e652a-f5[data-kb-block=\"kb-adv-heading4010_3e652a-f5\"] mark.kt-highlight{font-style:normal;color:#f76a0c;-webkit-box-decoration-break:clone;box-decoration-break:clone;padding-top:0px;padding-right:0px;padding-bottom:0px;padding-left:0px;}.wp-block-kadence-advancedheading.kt-adv-heading4010_3e652a-f5 img.kb-inline-image, .wp-block-kadence-advancedheading.kt-adv-heading4010_3e652a-f5[data-kb-block=\"kb-adv-heading4010_3e652a-f5\"] img.kb-inline-image{width:150px;vertical-align:baseline;}<\/style>\n<p class=\"kt-adv-heading4010_3e652a-f5 wp-block-kadence-advancedheading\" data-kb-block=\"kb-adv-heading4010_3e652a-f5\">Algunos de vosotros est\u00e1is reservando el <strong>acceso VIP<\/strong>, \u00a1genial!<br\/>En esta fase, el acceso VIP es solo una forma de <strong>reservar tu plaza<\/strong> con antelaci\u00f3n. Los detalles y ventajas de la membres\u00eda VIP <strong>a\u00fan se est\u00e1n definiendo<\/strong>, y te mantendremos informado en cuanto los tengamos.<br\/>Al registrarte ahora, simplemente te est\u00e1s adelantando. Sin compromisos ni sorpresas.<\/p>\n\n\n\n<hr class=\"wp-block-separator has-alpha-channel-opacity\"\/>\n\n\n\n<p>Al iniciar sesi\u00f3n y unirte a la comunidad de <strong>Speech Genie<\/strong>, aceptas ayudar a que este sea un lugar amigable y respetuoso. \u00a1Gracias por ser genial!<\/p>\n<\/div><\/div>\n\n<\/div><\/div>","protected":false},"excerpt":{"rendered":"<p>Normas de la Comunidad Fecha de entrada en vigor:\u00a020260130\u00a1Te damos la bienvenida a Speech Genie en https:\/\/speechgenie.co\/! Estamos encantados de tenerte aqu\u00ed. Ya sea que inicies sesi\u00f3n con Google, Facebook o de otra manera, al unirte a nuestro espacio, aceptas estas sencillas normas de la comunidad. Esto no es un documento legal. Es solo un&#8230;<\/p>\n","protected":false},"author":4,"featured_media":0,"parent":0,"menu_order":0,"comment_status":"closed","ping_status":"closed","template":"","meta":{"_acf_changed":false,"_kad_blocks_custom_css":"","_kad_blocks_head_custom_js":"","_kad_blocks_body_custom_js":"","_kad_blocks_footer_custom_js":"","_kad_post_transparent":"","_kad_post_title":"","_kad_post_layout":"","_kad_post_sidebar_id":"","_kad_post_content_style":"","_kad_post_vertical_padding":"","_kad_post_feature":"","_kad_post_feature_position":"","_kad_post_header":false,"_kad_post_footer":false,"_kad_post_classname":"","slim_seo":{"title":"T\u00e9rminos de Servicio - Speech Genie","description":""},"footnotes":""},"class_list":["post-34630","page","type-page","status-publish","hentry"],"acf":[],"taxonomy_info":[],"featured_image_src_large":false,"author_info":{"display_name":"noone","author_link":"https:\/\/speechgenie.co\/es\/author\/noone\/"},"comment_info":0,"ase":null,"_links":{"self":[{"href":"https:\/\/speechgenie.co\/es\/wp-json\/wp\/v2\/pages\/34630","targetHints":{"allow":["GET"]}}],"collection":[{"href":"https:\/\/speechgenie.co\/es\/wp-json\/wp\/v2\/pages"}],"about":[{"href":"https:\/\/speechgenie.co\/es\/wp-json\/wp\/v2\/types\/page"}],"author":[{"embeddable":true,"href":"https:\/\/speechgenie.co\/es\/wp-json\/wp\/v2\/users\/4"}],"replies":[{"embeddable":true,"href":"https:\/\/speechgenie.co\/es\/wp-json\/wp\/v2\/comments?post=34630"}],"version-history":[{"count":1,"href":"https:\/\/speechgenie.co\/es\/wp-json\/wp\/v2\/pages\/34630\/revisions"}],"predecessor-version":[{"id":34631,"href":"https:\/\/speechgenie.co\/es\/wp-json\/wp\/v2\/pages\/34630\/revisions\/34631"}],"wp:attachment":[{"href":"https:\/\/speechgenie.co\/es\/wp-json\/wp\/v2\/media?parent=34630"}],"curies":[{"name":"wp","href":"https:\/\/api.w.org\/{rel}","templated":true}]}}