{"id":35091,"date":"2026-01-25T18:26:08","date_gmt":"2026-01-25T10:26:08","guid":{"rendered":"https:\/\/speechgenie.co\/blog\/"},"modified":"2026-02-15T09:36:06","modified_gmt":"2026-02-15T01:36:06","slug":"blog","status":"publish","type":"page","link":"https:\/\/speechgenie.co\/es\/blog\/","title":{"rendered":"Blog"},"content":{"rendered":"<style>.kb-row-layout-id34075_ffe019-7d > .kt-row-column-wrap{align-content:center;}:where(.kb-row-layout-id34075_ffe019-7d > .kt-row-column-wrap) > .wp-block-kadence-column{justify-content:center;}.kb-row-layout-id34075_ffe019-7d > .kt-row-column-wrap{column-gap:var(--global-kb-gap-md, 2rem);row-gap:var(--global-kb-gap-md, 2rem);max-width:var( --global-content-width, 1320px );padding-left:var(--global-content-edge-padding);padding-right:var(--global-content-edge-padding);padding-top:var(--global-kb-spacing-5xl, 10rem);padding-bottom:var(--global-kb-spacing-4xl, 8rem);grid-template-columns:minmax(0, 1fr);}.kb-row-layout-id34075_ffe019-7d{background-image:url('https:\/\/speechgenie.co\/wp-content\/uploads\/2025\/09\/smokehero-1.webp');background-size:cover;background-position:21% 80%;background-attachment:scroll;background-repeat:no-repeat;}.kb-row-layout-id34075_ffe019-7d > .kt-row-layout-overlay{opacity:0.82;background-color:var(--global-palette3, #1A202C);mix-blend-mode:normal;}.kb-row-layout-id34075_ffe019-7d .kt-row-layout-bottom-sep{height:5.48em;}.kb-row-layout-id34075_ffe019-7d .kt-row-layout-bottom-sep svg{width:100%;}.kb-row-layout-id34075_ffe019-7d .kt-row-layout-bottom-sep svg{fill:var(--global-palette9, #ffffff)!important;}@media all and (max-width: 1024px){.kb-row-layout-id34075_ffe019-7d > .kt-row-column-wrap{grid-template-columns:minmax(0, 1fr);}}@media all and (max-width: 1024px){.kb-row-layout-id34075_ffe019-7d .kt-row-layout-bottom-sep{height:em;}}@media all and (max-width: 1024px){.kb-row-layout-id34075_ffe019-7d .kt-row-layout-bottom-sep svg{width:%;}}@media all and (max-width: 767px){.kb-row-layout-id34075_ffe019-7d > .kt-row-column-wrap{padding-top:var(--global-kb-spacing-lg, 3rem);padding-bottom:var(--global-kb-spacing-3xl, 6.5rem);grid-template-columns:minmax(0, 1fr);}.kb-row-layout-id34075_ffe019-7d .kt-row-layout-bottom-sep{height:em;}.kb-row-layout-id34075_ffe019-7d .kt-row-layout-bottom-sep svg{width:%;}}<\/style><div class=\"kb-row-layout-wrap kb-row-layout-id34075_ffe019-7d alignfull kt-row-has-bg kb-divider-static wp-block-kadence-rowlayout\"><div class=\"kt-row-layout-overlay kt-row-overlay-normal\"><\/div><div class=\"kt-row-layout-bottom-sep kt-row-sep-type-wavesi\"><svg viewBox=\"0 0 1000 100\" preserveAspectRatio=\"none\"><path d=\"M0,40c0,0 120.077,-38.076 250,-38c129.923,0.076 345.105,78 500,78c154.895,0 250,-30 250,-30l0,50l-1000,0l0,-60Z\" \/><path d=\"M0,40c0,0 120.077,-38.076 250,-38c129.923,0.076 345.105,73 500,73c154.895,0 250,-45 250,-45l0,70l-1000,0l0,-60Z\" style=\"opacity: 0.4\" \/><path d=\"M0,40c0,0 120.077,-38.076 250,-38c129.923,0.076 345.105,68 500,68c154.895,0 250,-65 250,-65l0,95l-1000,0l0,-60Z\" style=\"opacity: 0.4\" \/><\/svg><\/div><div class=\"kt-row-column-wrap kt-has-1-columns kt-row-layout-equal kt-tab-layout-inherit kt-mobile-layout-row kt-row-valign-middle kb-theme-content-width\">\n<style>.kadence-column34075_b9e462-29 > .kt-inside-inner-col,.kadence-column34075_b9e462-29 > .kt-inside-inner-col:before{border-top-left-radius:0px;border-top-right-radius:0px;border-bottom-right-radius:0px;border-bottom-left-radius:0px;}.kadence-column34075_b9e462-29 > .kt-inside-inner-col{column-gap:var(--global-kb-gap-sm, 1rem);}.kadence-column34075_b9e462-29 > .kt-inside-inner-col{flex-direction:column;}.kadence-column34075_b9e462-29 > .kt-inside-inner-col > .aligncenter{width:100%;}.kadence-column34075_b9e462-29 > .kt-inside-inner-col:before{opacity:0.3;}.kadence-column34075_b9e462-29{position:relative;}@media all and (max-width: 1024px){.kadence-column34075_b9e462-29 > .kt-inside-inner-col{flex-direction:column;justify-content:center;}}@media all and (max-width: 767px){.kadence-column34075_b9e462-29 > .kt-inside-inner-col{flex-direction:column;justify-content:center;}}<\/style>\n<div class=\"wp-block-kadence-column kadence-column34075_b9e462-29 inner-column-1\"><div class=\"kt-inside-inner-col\"><style>.wp-block-kadence-advancedheading.kt-adv-heading34075_734db8-90, .wp-block-kadence-advancedheading.kt-adv-heading34075_734db8-90[data-kb-block=\"kb-adv-heading34075_734db8-90\"]{text-align:center;font-weight:400;font-style:normal;}.wp-block-kadence-advancedheading.kt-adv-heading34075_734db8-90 mark.kt-highlight, .wp-block-kadence-advancedheading.kt-adv-heading34075_734db8-90[data-kb-block=\"kb-adv-heading34075_734db8-90\"] mark.kt-highlight{font-style:normal;color:#f76a0c;-webkit-box-decoration-break:clone;box-decoration-break:clone;padding-top:0px;padding-right:0px;padding-bottom:0px;padding-left:0px;}.wp-block-kadence-advancedheading.kt-adv-heading34075_734db8-90 img.kb-inline-image, .wp-block-kadence-advancedheading.kt-adv-heading34075_734db8-90[data-kb-block=\"kb-adv-heading34075_734db8-90\"] img.kb-inline-image{width:150px;vertical-align:baseline;}<\/style>\n<h1 class=\"kt-adv-heading34075_734db8-90 wp-block-kadence-advancedheading has-theme-palette-9-color has-text-color\" data-kb-block=\"kb-adv-heading34075_734db8-90\">BLOG<\/h1>\n<\/div><\/div>\n\n<\/div><\/div><style>.kb-row-layout-id34075_8a8ea2-6d > .kt-row-column-wrap{align-content:start;}:where(.kb-row-layout-id34075_8a8ea2-6d > .kt-row-column-wrap) > .wp-block-kadence-column{justify-content:start;}.kb-row-layout-id34075_8a8ea2-6d > .kt-row-column-wrap{column-gap:var(--global-kb-gap-md, 2rem);row-gap:var(--global-kb-gap-md, 2rem);padding-top:var(--global-kb-spacing-lg, 3rem);padding-right:var(--global-kb-spacing-xs, 1rem);padding-bottom:var(--global-kb-spacing-sm, 1.5rem);padding-left:var(--global-kb-spacing-lg, 3rem);grid-template-columns:minmax(0, 1fr);}.kb-row-layout-id34075_8a8ea2-6d > .kt-row-layout-overlay{opacity:0.30;}@media all and (max-width: 1024px){.kb-row-layout-id34075_8a8ea2-6d > .kt-row-column-wrap{grid-template-columns:minmax(0, 1fr);}}@media all and (max-width: 767px){.kb-row-layout-id34075_8a8ea2-6d > .kt-row-column-wrap{grid-template-columns:minmax(0, 1fr);}}<\/style><div class=\"kb-row-layout-wrap kb-row-layout-id34075_8a8ea2-6d alignnone wp-block-kadence-rowlayout\"><div class=\"kt-row-column-wrap kt-has-1-columns kt-row-layout-equal kt-tab-layout-inherit kt-mobile-layout-row kt-row-valign-top\">\n<style>.kadence-column34075_f45a86-2d > .kt-inside-inner-col,.kadence-column34075_f45a86-2d > .kt-inside-inner-col:before{border-top-left-radius:0px;border-top-right-radius:0px;border-bottom-right-radius:0px;border-bottom-left-radius:0px;}.kadence-column34075_f45a86-2d > .kt-inside-inner-col{column-gap:var(--global-kb-gap-sm, 1rem);}.kadence-column34075_f45a86-2d > .kt-inside-inner-col{flex-direction:column;}.kadence-column34075_f45a86-2d > .kt-inside-inner-col > .aligncenter{width:100%;}.kadence-column34075_f45a86-2d > .kt-inside-inner-col:before{opacity:0.3;}.kadence-column34075_f45a86-2d{position:relative;}@media all and (max-width: 1024px){.kadence-column34075_f45a86-2d > .kt-inside-inner-col{flex-direction:column;justify-content:center;}}@media all and (max-width: 767px){.kadence-column34075_f45a86-2d > .kt-inside-inner-col{flex-direction:column;justify-content:center;}}<\/style>\n<div class=\"wp-block-kadence-column kadence-column34075_f45a86-2d\"><div class=\"kt-inside-inner-col\"><style>.kb-posts-id-34075_d4bfb4-18 .kb-post-list-item{display:grid;}<\/style><ul class=\"wp-block-kadence-posts kb-posts kadence-posts-list kb-posts-id-34075_d4bfb4-18 content-wrap grid-cols kb-posts-style-boxed grid-sm-col-2 grid-lg-col-3 item-image-style-above\"><li class=\"kb-post-list-item\">\n\t<article class=\"entry content-bg loop-entry kb-post-no-image post-35347 post type-post status-publish format-standard hentry category-founders-story category-ia-cognitiva category-language-aquisition category-superlearning\">\n\t\t\t\t<div class=\"entry-content-wrap\">\n\t\t\t<header class=\"entry-header\">\n\t\t<div class=\"entry-taxonomies\">\n\t\t<span class=\"category-links term-links category-style-normal\">\n\t\t\t<a href=\"https:\/\/speechgenie.co\/es\/founders-story\/\" class=\"category-link-founders-story\" rel=\"tag\">Founders Story<\/a> | <a href=\"https:\/\/speechgenie.co\/es\/ia-cognitiva\/\" class=\"category-link-ia-cognitiva\" rel=\"tag\">IA cognitiva<\/a> | <a href=\"https:\/\/speechgenie.co\/es\/language-aquisition\/\" class=\"category-link-language-aquisition\" rel=\"tag\">Language Aquisition<\/a> | <a href=\"https:\/\/speechgenie.co\/es\/superlearning\/\" class=\"category-link-superlearning\" rel=\"tag\">Superlearning<\/a>\t\t<\/span>\n\t<\/div><!-- .entry-taxonomies -->\n\t<h2 class=\"entry-title\"><a href=\"https:\/\/speechgenie.co\/es\/como-aprender-cualquier-idioma-en-seis-meses\/\" rel=\"bookmark\">C\u00f3mo aprender cualquier idioma en seis meses<\/a><\/h2>\t<div class=\"entry-meta entry-meta-divider-dot\">\n\t<span class=\"posted-by\"><span class=\"meta-label\">By<\/span><span class=\"author vcard\"><span class=\"fn n\">Chris Lonsdale<\/span><\/span><\/span>\t\t\t<span class=\"posted-on\">\n\t\t\t\t<span class=\"meta-label\">Posted on<\/span><time class=\"entry-date published\" datetime=\"2026-03-02T17:00:10+08:00\">March 2, 2026<\/time><time class=\"updated\" datetime=\"2026-03-11T09:24:25+08:00\">March 11, 2026<\/time>\t\t\t<\/span>\n\t\t\t\t<\/div><!-- .entry-meta -->\n\t<\/header><!-- .entry-header -->\n\t<div class=\"entry-summary\">\n\t\t<p>C\u00f3mo aprender cualquier idioma en seis meses &#8211; Transcripci\u00f3n. Bienvenido\/a a la p\u00e1gina de transcripci\u00f3n de C\u00f3mo aprender cualquier idioma en seis meses. Contenido reproducido aqu\u00ed con permiso. \u00a1Sigue leyendo! O baja hasta el final para encontrar el enlace de&#8230;<\/p>\n\t<\/div><!-- .entry-summary -->\n\t<footer class=\"entry-footer\">\n\t\t\t<div class=\"entry-actions\">\n\t\t\t<p class=\"more-link-wrap\">\n\t\t\t\t<a href=\"https:\/\/speechgenie.co\/es\/como-aprender-cualquier-idioma-en-seis-meses\/\" class=\"post-more-link\">\n\t\t\t\t\tRead More<span class=\"screen-reader-text\"> C\u00f3mo aprender cualquier idioma en seis meses<\/span><span class=\"kadence-svg-iconset svg-baseline\"><svg aria-hidden=\"true\" class=\"kadence-svg-icon kadence-arrow-right-alt-svg\" fill=\"currentColor\" version=\"1.1\" xmlns=\"http:\/\/www.w3.org\/2000\/svg\" width=\"27\" height=\"28\" viewBox=\"0 0 27 28\"><title>Continue<\/title><path d=\"M27 13.953c0 0.141-0.063 0.281-0.156 0.375l-6 5.531c-0.156 0.141-0.359 0.172-0.547 0.094-0.172-0.078-0.297-0.25-0.297-0.453v-3.5h-19.5c-0.281 0-0.5-0.219-0.5-0.5v-3c0-0.281 0.219-0.5 0.5-0.5h19.5v-3.5c0-0.203 0.109-0.375 0.297-0.453s0.391-0.047 0.547 0.078l6 5.469c0.094 0.094 0.156 0.219 0.156 0.359v0z\"><\/path>\n\t\t\t<\/svg><\/span>\t\t\t\t<\/a>\n\t\t\t<\/p>\n\t\t<\/div><!-- .entry-actions -->\n\t\t<\/footer><!-- .entry-footer -->\t\t<\/div>\n\t<\/article>\n<\/li>\n<li class=\"kb-post-list-item\">\n\t<article class=\"entry content-bg loop-entry kb-post-no-image post-6872 post type-post status-publish format-standard has-post-thumbnail hentry\">\n\t\t\t\t<div class=\"entry-content-wrap\">\n\t\t\t<header class=\"entry-header\">\n\t\t<div class=\"entry-taxonomies\">\n\t\t<span class=\"category-links term-links category-style-normal\">\n\t\t\t\t\t<\/span>\n\t<\/div><!-- .entry-taxonomies -->\n\t<h2 class=\"entry-title\"><a href=\"https:\/\/speechgenie.co\/es\/what-can-ai-truly-understand-patom-theory-and-the-meaning-behind-language\/\" rel=\"bookmark\">\u00bfQu\u00e9 puede entender realmente la IA? &#8211; La teor\u00eda PATOM y el significado detr\u00e1s del lenguaje<\/a><\/h2>\t<div class=\"entry-meta entry-meta-divider-dot\">\n\t<span class=\"posted-by\"><span class=\"meta-label\">By<\/span><span class=\"author vcard\"><span class=\"fn n\">John Ball<\/span><\/span><\/span>\t\t\t<span class=\"posted-on\">\n\t\t\t\t<span class=\"meta-label\">Posted on<\/span><time class=\"entry-date published\" datetime=\"2025-11-23T19:40:39+08:00\">November 23, 2025<\/time><time class=\"updated\" datetime=\"2025-11-23T19:56:15+08:00\">November 23, 2025<\/time>\t\t\t<\/span>\n\t\t\t\t<\/div><!-- .entry-meta -->\n\t<\/header><!-- .entry-header -->\n\t<div class=\"entry-summary\">\n\t\t<p>Durante casi toda mi vida he estado ocupado por una pregunta que se encuentra en el centro mismo de lo que llamamos inteligencia. \u00bfC\u00f3mo entienden el lenguaje los seres humanos? No me refiero a repetir lo que escuchan, ni a&#8230;<\/p>\n\t<\/div><!-- .entry-summary -->\n\t<footer class=\"entry-footer\">\n\t\t\t<div class=\"entry-actions\">\n\t\t\t<p class=\"more-link-wrap\">\n\t\t\t\t<a href=\"https:\/\/speechgenie.co\/es\/what-can-ai-truly-understand-patom-theory-and-the-meaning-behind-language\/\" class=\"post-more-link\">\n\t\t\t\t\tRead More<span class=\"screen-reader-text\"> \u00bfQu\u00e9 puede entender realmente la IA? &#8211; La teor\u00eda PATOM y el significado detr\u00e1s del lenguaje<\/span><span class=\"kadence-svg-iconset svg-baseline\"><svg aria-hidden=\"true\" class=\"kadence-svg-icon kadence-arrow-right-alt-svg\" fill=\"currentColor\" version=\"1.1\" xmlns=\"http:\/\/www.w3.org\/2000\/svg\" width=\"27\" height=\"28\" viewBox=\"0 0 27 28\"><title>Continue<\/title><path d=\"M27 13.953c0 0.141-0.063 0.281-0.156 0.375l-6 5.531c-0.156 0.141-0.359 0.172-0.547 0.094-0.172-0.078-0.297-0.25-0.297-0.453v-3.5h-19.5c-0.281 0-0.5-0.219-0.5-0.5v-3c0-0.281 0.219-0.5 0.5-0.5h19.5v-3.5c0-0.203 0.109-0.375 0.297-0.453s0.391-0.047 0.547 0.078l6 5.469c0.094 0.094 0.156 0.219 0.156 0.359v0z\"><\/path>\n\t\t\t<\/svg><\/span>\t\t\t\t<\/a>\n\t\t\t<\/p>\n\t\t<\/div><!-- .entry-actions -->\n\t\t<\/footer><!-- .entry-footer -->\t\t<\/div>\n\t<\/article>\n<\/li>\n<li class=\"kb-post-list-item\">\n\t<article class=\"entry content-bg loop-entry kb-post-no-image post-6810 post type-post status-publish format-standard has-post-thumbnail hentry\">\n\t\t\t\t<div class=\"entry-content-wrap\">\n\t\t\t<header class=\"entry-header\">\n\t\t<div class=\"entry-taxonomies\">\n\t\t<span class=\"category-links term-links category-style-normal\">\n\t\t\t\t\t<\/span>\n\t<\/div><!-- .entry-taxonomies -->\n\t<h2 class=\"entry-title\"><a href=\"https:\/\/speechgenie.co\/es\/your-struggles-arent-your-fault-rebooting-the-brains-natural-language-system\/\" rel=\"bookmark\">El idioma no se \u201cestudia\u201d, se adquiere: 40 a\u00f1os de revelaciones sobre el aprendizaje de idiomas de Chris Lonsdale<\/a><\/h2>\t<div class=\"entry-meta entry-meta-divider-dot\">\n\t<span class=\"posted-by\"><span class=\"meta-label\">By<\/span><span class=\"author vcard\"><span class=\"fn n\">Chris Lonsdale<\/span><\/span><\/span>\t\t\t<span class=\"posted-on\">\n\t\t\t\t<span class=\"meta-label\">Posted on<\/span><time class=\"entry-date published\" datetime=\"2025-11-23T10:20:07+08:00\">November 23, 2025<\/time><time class=\"updated\" datetime=\"2025-11-23T16:39:00+08:00\">November 23, 2025<\/time>\t\t\t<\/span>\n\t\t\t\t<\/div><!-- .entry-meta -->\n\t<\/header><!-- .entry-header -->\n\t<div class=\"entry-summary\">\n\t\t<p>El idioma no se \u201cestudia\u201d, se adquiere: 40 a\u00f1os de revelaciones sobre el aprendizaje de idiomas de Chris Lonsdale Durante m\u00e1s de cuarenta a\u00f1os me he hecho una pregunta simple, pero profundamente importante:\u00bfpor qu\u00e9 algunas personas adquieren un idioma de&#8230;<\/p>\n\t<\/div><!-- .entry-summary -->\n\t<footer class=\"entry-footer\">\n\t\t\t<div class=\"entry-actions\">\n\t\t\t<p class=\"more-link-wrap\">\n\t\t\t\t<a href=\"https:\/\/speechgenie.co\/es\/your-struggles-arent-your-fault-rebooting-the-brains-natural-language-system\/\" class=\"post-more-link\">\n\t\t\t\t\tRead More<span class=\"screen-reader-text\"> El idioma no se \u201cestudia\u201d, se adquiere: 40 a\u00f1os de revelaciones sobre el aprendizaje de idiomas de Chris Lonsdale<\/span><span class=\"kadence-svg-iconset svg-baseline\"><svg aria-hidden=\"true\" class=\"kadence-svg-icon kadence-arrow-right-alt-svg\" fill=\"currentColor\" version=\"1.1\" xmlns=\"http:\/\/www.w3.org\/2000\/svg\" width=\"27\" height=\"28\" viewBox=\"0 0 27 28\"><title>Continue<\/title><path d=\"M27 13.953c0 0.141-0.063 0.281-0.156 0.375l-6 5.531c-0.156 0.141-0.359 0.172-0.547 0.094-0.172-0.078-0.297-0.25-0.297-0.453v-3.5h-19.5c-0.281 0-0.5-0.219-0.5-0.5v-3c0-0.281 0.219-0.5 0.5-0.5h19.5v-3.5c0-0.203 0.109-0.375 0.297-0.453s0.391-0.047 0.547 0.078l6 5.469c0.094 0.094 0.156 0.219 0.156 0.359v0z\"><\/path>\n\t\t\t<\/svg><\/span>\t\t\t\t<\/a>\n\t\t\t<\/p>\n\t\t<\/div><!-- .entry-actions -->\n\t\t<\/footer><!-- .entry-footer -->\t\t<\/div>\n\t<\/article>\n<\/li>\n<\/ul><\/div><\/div>\n\n<\/div><\/div><style>.kb-row-layout-id34075_ef6d35-d8 > .kt-row-column-wrap{align-content:start;}:where(.kb-row-layout-id34075_ef6d35-d8 > .kt-row-column-wrap) > .wp-block-kadence-column{justify-content:start;}.kb-row-layout-id34075_ef6d35-d8 > .kt-row-column-wrap{column-gap:var(--global-kb-gap-md, 2rem);row-gap:var(--global-kb-gap-md, 2rem);padding-top:var(--global-kb-spacing-sm, 1.5rem);padding-bottom:var(--global-kb-spacing-sm, 1.5rem);grid-template-columns:minmax(0, 1fr);}.kb-row-layout-id34075_ef6d35-d8 > .kt-row-layout-overlay{opacity:0.30;}@media all and (max-width: 1024px){.kb-row-layout-id34075_ef6d35-d8 > .kt-row-column-wrap{grid-template-columns:minmax(0, 1fr);}}@media all and (max-width: 767px){.kb-row-layout-id34075_ef6d35-d8 > .kt-row-column-wrap{grid-template-columns:minmax(0, 1fr);}}<\/style><div class=\"kb-row-layout-wrap kb-row-layout-id34075_ef6d35-d8 alignnone wp-block-kadence-rowlayout\"><div class=\"kt-row-column-wrap kt-has-1-columns kt-row-layout-equal kt-tab-layout-inherit kt-mobile-layout-row kt-row-valign-top\">\n<style>.kadence-column34075_443a81-62 > .kt-inside-inner-col,.kadence-column34075_443a81-62 > .kt-inside-inner-col:before{border-top-left-radius:0px;border-top-right-radius:0px;border-bottom-right-radius:0px;border-bottom-left-radius:0px;}.kadence-column34075_443a81-62 > .kt-inside-inner-col{column-gap:var(--global-kb-gap-sm, 1rem);}.kadence-column34075_443a81-62 > .kt-inside-inner-col{flex-direction:column;}.kadence-column34075_443a81-62 > .kt-inside-inner-col > .aligncenter{width:100%;}.kadence-column34075_443a81-62 > .kt-inside-inner-col:before{opacity:0.3;}.kadence-column34075_443a81-62{position:relative;}@media all and (max-width: 1024px){.kadence-column34075_443a81-62 > .kt-inside-inner-col{flex-direction:column;justify-content:center;}}@media all and (max-width: 767px){.kadence-column34075_443a81-62 > .kt-inside-inner-col{flex-direction:column;justify-content:center;}}<\/style>\n<div class=\"wp-block-kadence-column kadence-column34075_443a81-62\"><div class=\"kt-inside-inner-col\"><\/div><\/div>\n\n<\/div><\/div>","protected":false},"excerpt":{"rendered":"<p>BLOG<\/p>\n","protected":false},"author":4,"featured_media":0,"parent":0,"menu_order":0,"comment_status":"closed","ping_status":"closed","template":"","meta":{"_acf_changed":false,"_kad_blocks_custom_css":"","_kad_blocks_head_custom_js":"","_kad_blocks_body_custom_js":"","_kad_blocks_footer_custom_js":"","_kad_post_transparent":"","_kad_post_title":"","_kad_post_layout":"","_kad_post_sidebar_id":"","_kad_post_content_style":"","_kad_post_vertical_padding":"","_kad_post_feature":"","_kad_post_feature_position":"","_kad_post_header":false,"_kad_post_footer":false,"_kad_post_classname":"","slim_seo":{"title":"Blog - Speech Genie","description":""},"footnotes":""},"class_list":["post-35091","page","type-page","status-publish","hentry"],"acf":[],"taxonomy_info":[],"featured_image_src_large":false,"author_info":{"display_name":"noone","author_link":"https:\/\/speechgenie.co\/es\/author\/noone\/"},"comment_info":0,"ase":null,"_links":{"self":[{"href":"https:\/\/speechgenie.co\/es\/wp-json\/wp\/v2\/pages\/35091","targetHints":{"allow":["GET"]}}],"collection":[{"href":"https:\/\/speechgenie.co\/es\/wp-json\/wp\/v2\/pages"}],"about":[{"href":"https:\/\/speechgenie.co\/es\/wp-json\/wp\/v2\/types\/page"}],"author":[{"embeddable":true,"href":"https:\/\/speechgenie.co\/es\/wp-json\/wp\/v2\/users\/4"}],"replies":[{"embeddable":true,"href":"https:\/\/speechgenie.co\/es\/wp-json\/wp\/v2\/comments?post=35091"}],"version-history":[{"count":1,"href":"https:\/\/speechgenie.co\/es\/wp-json\/wp\/v2\/pages\/35091\/revisions"}],"predecessor-version":[{"id":35092,"href":"https:\/\/speechgenie.co\/es\/wp-json\/wp\/v2\/pages\/35091\/revisions\/35092"}],"wp:attachment":[{"href":"https:\/\/speechgenie.co\/es\/wp-json\/wp\/v2\/media?parent=35091"}],"curies":[{"name":"wp","href":"https:\/\/api.w.org\/{rel}","templated":true}]}}