{"id":34628,"date":"2025-09-29T07:29:58","date_gmt":"2025-09-28T23:29:58","guid":{"rendered":"https:\/\/s2026.instawp.co\/termos-de-servico\/"},"modified":"2026-02-01T16:26:46","modified_gmt":"2026-02-01T08:26:46","slug":"terms-of-service","status":"publish","type":"page","link":"https:\/\/speechgenie.co\/pt-br\/terms-of-service\/","title":{"rendered":"Termos de Servi\u00e7o"},"content":{"rendered":"<style>.wp-block-kadence-spacer.kt-block-spacer-4010_31f532-d1 .kt-block-spacer{height:60px;}.wp-block-kadence-spacer.kt-block-spacer-4010_31f532-d1 .kt-divider{border-top-width:1px;height:1px;border-top-color:#eee;width:80%;border-top-style:solid;}<\/style>\n<div class=\"wp-block-kadence-spacer aligncenter kt-block-spacer-4010_31f532-d1\"><div class=\"kt-block-spacer kt-block-spacer-halign-center\"><hr class=\"kt-divider\"\/><\/div><\/div>\n<style>.kb-row-layout-id4010_910769-23 > .kt-row-column-wrap{align-content:start;}:where(.kb-row-layout-id4010_910769-23 > .kt-row-column-wrap) > .wp-block-kadence-column{justify-content:start;}.kb-row-layout-id4010_910769-23 > .kt-row-column-wrap{column-gap:var(--global-kb-gap-md, 2rem);row-gap:var(--global-kb-gap-md, 2rem);padding-top:var(--global-kb-spacing-sm, 1.5rem);padding-bottom:var(--global-kb-spacing-sm, 1.5rem);grid-template-columns:minmax(0, 1fr);}.kb-row-layout-id4010_910769-23 > .kt-row-layout-overlay{opacity:0.30;}@media all and (max-width: 1024px){.kb-row-layout-id4010_910769-23 > .kt-row-column-wrap{grid-template-columns:minmax(0, 1fr);}}@media all and (max-width: 767px){.kb-row-layout-id4010_910769-23 > .kt-row-column-wrap{grid-template-columns:minmax(0, 1fr);}}<\/style><div class=\"kb-row-layout-wrap kb-row-layout-id4010_910769-23 alignnone wp-block-kadence-rowlayout\"><div class=\"kt-row-column-wrap kt-has-1-columns kt-row-layout-equal kt-tab-layout-inherit kt-mobile-layout-row kt-row-valign-top\">\n<style>.kadence-column4010_dcc926-51 > .kt-inside-inner-col{padding-top:var(--global-kb-spacing-xl, 4rem);padding-right:var(--global-kb-spacing-xl, 4rem);padding-bottom:var(--global-kb-spacing-xl, 4rem);padding-left:var(--global-kb-spacing-xl, 4rem);}.kadence-column4010_dcc926-51 > .kt-inside-inner-col,.kadence-column4010_dcc926-51 > .kt-inside-inner-col:before{border-top-left-radius:0px;border-top-right-radius:0px;border-bottom-right-radius:0px;border-bottom-left-radius:0px;}.kadence-column4010_dcc926-51 > .kt-inside-inner-col{column-gap:var(--global-kb-gap-sm, 1rem);}.kadence-column4010_dcc926-51 > .kt-inside-inner-col{flex-direction:column;}.kadence-column4010_dcc926-51 > .kt-inside-inner-col > .aligncenter{width:100%;}.kadence-column4010_dcc926-51 > .kt-inside-inner-col:before{opacity:0.3;}.kadence-column4010_dcc926-51{position:relative;}@media all and (max-width: 1024px){.kadence-column4010_dcc926-51 > .kt-inside-inner-col{flex-direction:column;justify-content:center;}}@media all and (max-width: 767px){.kadence-column4010_dcc926-51 > .kt-inside-inner-col{flex-direction:column;justify-content:center;}}<\/style>\n<div class=\"wp-block-kadence-column kadence-column4010_dcc926-51\"><div class=\"kt-inside-inner-col\"><style>.wp-block-kadence-advancedheading.kt-adv-heading4010_50e003-33, .wp-block-kadence-advancedheading.kt-adv-heading4010_50e003-33[data-kb-block=\"kb-adv-heading4010_50e003-33\"]{font-style:normal;}.wp-block-kadence-advancedheading.kt-adv-heading4010_50e003-33 mark.kt-highlight, .wp-block-kadence-advancedheading.kt-adv-heading4010_50e003-33[data-kb-block=\"kb-adv-heading4010_50e003-33\"] mark.kt-highlight{font-style:normal;color:#f76a0c;-webkit-box-decoration-break:clone;box-decoration-break:clone;padding-top:0px;padding-right:0px;padding-bottom:0px;padding-left:0px;}.wp-block-kadence-advancedheading.kt-adv-heading4010_50e003-33 img.kb-inline-image, .wp-block-kadence-advancedheading.kt-adv-heading4010_50e003-33[data-kb-block=\"kb-adv-heading4010_50e003-33\"] img.kb-inline-image{width:150px;vertical-align:baseline;}<\/style>\n<h1 class=\"kt-adv-heading4010_50e003-33 wp-block-kadence-advancedheading\" data-kb-block=\"kb-adv-heading4010_50e003-33\">Termos de Servi\u00e7o da Comunidade<\/h1>\n\n\n\n<p><strong>Data de vig\u00eancia:<\/strong>\u00a020260130<br\/>Boas-vindas ao\u00a0Speech Genie em <a href=\"https:\/\/speechgenie.co\/\" title=\"\">https:\/\/speechgenie.co\/<\/a>! Estamos muito felizes por ter voc\u00ea aqui. Seja fazendo login pelo Google, Facebook ou de outra forma, ao entrar no nosso espa\u00e7o, voc\u00ea concorda com estas simples diretrizes da comunidade.<\/p>\n\n\n\n<p>Isto n\u00e3o \u00e9 um documento legal. \u00c9 s\u00f3 um lembrete amig\u00e1vel de como mantemos um ambiente respeitoso e agrad\u00e1vel para todo mundo.<\/p>\n\n\n\n<hr class=\"wp-block-separator has-alpha-channel-opacity\"\/>\n\n\n<style>.wp-block-kadence-advancedheading.kt-adv-heading4010_4be4e1-97, .wp-block-kadence-advancedheading.kt-adv-heading4010_4be4e1-97[data-kb-block=\"kb-adv-heading4010_4be4e1-97\"]{font-style:normal;}.wp-block-kadence-advancedheading.kt-adv-heading4010_4be4e1-97 mark.kt-highlight, .wp-block-kadence-advancedheading.kt-adv-heading4010_4be4e1-97[data-kb-block=\"kb-adv-heading4010_4be4e1-97\"] mark.kt-highlight{font-style:normal;color:#f76a0c;-webkit-box-decoration-break:clone;box-decoration-break:clone;padding-top:0px;padding-right:0px;padding-bottom:0px;padding-left:0px;}.wp-block-kadence-advancedheading.kt-adv-heading4010_4be4e1-97 img.kb-inline-image, .wp-block-kadence-advancedheading.kt-adv-heading4010_4be4e1-97[data-kb-block=\"kb-adv-heading4010_4be4e1-97\"] img.kb-inline-image{width:150px;vertical-align:baseline;}<\/style>\n<h2 class=\"kt-adv-heading4010_4be4e1-97 wp-block-kadence-advancedheading\" data-kb-block=\"kb-adv-heading4010_4be4e1-97\">1.\u00a0<strong>Respeito \u00e9 inegoci\u00e1vel<\/strong><\/h2>\n\n\n\n<p>Estamos construindo um espa\u00e7o positivo e inclusivo. Ao participar, voc\u00ea concorda em:<\/p>\n\n\n\n<ul class=\"wp-block-list\">\n<li>Ser gentil e respeitoso com todo mundo<\/li>\n\n\n\n<li>N\u00e3o fazer trolling, bullying, ass\u00e9dio ou abuso<\/li>\n\n\n\n<li>N\u00e3o praticar discrimina\u00e7\u00e3o ou discurso de \u00f3dio de qualquer tipo<\/li>\n\n\n\n<li>N\u00e3o fazer spam, autopromo\u00e7\u00e3o (a menos que seja convidado) ou criar distra\u00e7\u00f5es fora do t\u00f3pico<\/li>\n\n\n\n<li>Manter as conversas construtivas e amig\u00e1veis<\/li>\n<\/ul>\n\n\n\n<p>Resumindo:\u00a0<strong>N\u00e3o seja um babaca.<\/strong>\u00a0Queremos que esta comunidade seja acolhedora para todos.<\/p>\n\n\n\n<hr class=\"wp-block-separator has-alpha-channel-opacity\"\/>\n\n\n<style>.wp-block-kadence-advancedheading.kt-adv-heading4010_00c35b-71, .wp-block-kadence-advancedheading.kt-adv-heading4010_00c35b-71[data-kb-block=\"kb-adv-heading4010_00c35b-71\"]{font-style:normal;}.wp-block-kadence-advancedheading.kt-adv-heading4010_00c35b-71 mark.kt-highlight, .wp-block-kadence-advancedheading.kt-adv-heading4010_00c35b-71[data-kb-block=\"kb-adv-heading4010_00c35b-71\"] mark.kt-highlight{font-style:normal;color:#f76a0c;-webkit-box-decoration-break:clone;box-decoration-break:clone;padding-top:0px;padding-right:0px;padding-bottom:0px;padding-left:0px;}.wp-block-kadence-advancedheading.kt-adv-heading4010_00c35b-71 img.kb-inline-image, .wp-block-kadence-advancedheading.kt-adv-heading4010_00c35b-71[data-kb-block=\"kb-adv-heading4010_00c35b-71\"] img.kb-inline-image{width:150px;vertical-align:baseline;}<\/style>\n<h2 class=\"kt-adv-heading4010_00c35b-71 wp-block-kadence-advancedheading\" data-kb-block=\"kb-adv-heading4010_00c35b-71\">2.\u00a0<strong>Seja voc\u00ea mesmo (e seja honesto!)<\/strong><\/h2>\n\n\n\n<p>Ao fazer login pelo Google ou Facebook, pedimos que voc\u00ea:<\/p>\n\n\n\n<ul class=\"wp-block-list\">\n<li>Use suas informa\u00e7\u00f5es reais \u2014 nada de nomes falsos ou de fingir ser outra pessoa<\/li>\n\n\n\n<li>Mantenha sua conta segura (por favor, n\u00e3o compartilhe seu login)<\/li>\n\n\n\n<li>Respeite a privacidade dos outros como voc\u00ea gostaria que a sua fosse respeitada<\/li>\n<\/ul>\n\n\n\n<hr class=\"wp-block-separator has-alpha-channel-opacity\"\/>\n\n\n<style>.wp-block-kadence-advancedheading.kt-adv-heading4010_e85d12-59, .wp-block-kadence-advancedheading.kt-adv-heading4010_e85d12-59[data-kb-block=\"kb-adv-heading4010_e85d12-59\"]{font-style:normal;}.wp-block-kadence-advancedheading.kt-adv-heading4010_e85d12-59 mark.kt-highlight, .wp-block-kadence-advancedheading.kt-adv-heading4010_e85d12-59[data-kb-block=\"kb-adv-heading4010_e85d12-59\"] mark.kt-highlight{font-style:normal;color:#f76a0c;-webkit-box-decoration-break:clone;box-decoration-break:clone;padding-top:0px;padding-right:0px;padding-bottom:0px;padding-left:0px;}.wp-block-kadence-advancedheading.kt-adv-heading4010_e85d12-59 img.kb-inline-image, .wp-block-kadence-advancedheading.kt-adv-heading4010_e85d12-59[data-kb-block=\"kb-adv-heading4010_e85d12-59\"] img.kb-inline-image{width:150px;vertical-align:baseline;}<\/style>\n<h2 class=\"kt-adv-heading4010_e85d12-59 wp-block-kadence-advancedheading\" data-kb-block=\"kb-adv-heading4010_e85d12-59\">3.\u00a0<strong>Suas informa\u00e7\u00f5es s\u00e3o assunto seu<\/strong><\/h2>\n\n\n\n<p>Ao fazer login, voc\u00ea nos fornece informa\u00e7\u00f5es b\u00e1sicas (como seu nome e e-mail). N\u00f3s s\u00f3 usamos esses dados para:<\/p>\n\n\n\n<ul class=\"wp-block-list\">\n<li>Manter a comunidade funcionando direitinho<\/li>\n\n\n\n<li>Enviar atualiza\u00e7\u00f5es relevantes (sem spam, juramos de dedinho)<\/li>\n<\/ul>\n\n\n\n<p>N\u00f3s n\u00e3o vendemos seus dados. Nunca. Para mais detalhes, confira nossa [Pol\u00edtica de Privacidade] (em breve!).<\/p>\n\n\n\n<hr class=\"wp-block-separator has-alpha-channel-opacity\"\/>\n\n\n<style>.wp-block-kadence-advancedheading.kt-adv-heading4010_a92c8b-2e, .wp-block-kadence-advancedheading.kt-adv-heading4010_a92c8b-2e[data-kb-block=\"kb-adv-heading4010_a92c8b-2e\"]{font-style:normal;}.wp-block-kadence-advancedheading.kt-adv-heading4010_a92c8b-2e mark.kt-highlight, .wp-block-kadence-advancedheading.kt-adv-heading4010_a92c8b-2e[data-kb-block=\"kb-adv-heading4010_a92c8b-2e\"] mark.kt-highlight{font-style:normal;color:#f76a0c;-webkit-box-decoration-break:clone;box-decoration-break:clone;padding-top:0px;padding-right:0px;padding-bottom:0px;padding-left:0px;}.wp-block-kadence-advancedheading.kt-adv-heading4010_a92c8b-2e img.kb-inline-image, .wp-block-kadence-advancedheading.kt-adv-heading4010_a92c8b-2e[data-kb-block=\"kb-adv-heading4010_a92c8b-2e\"] img.kb-inline-image{width:150px;vertical-align:baseline;}<\/style>\n<h2 class=\"kt-adv-heading4010_a92c8b-2e wp-block-kadence-advancedheading\" data-kb-block=\"kb-adv-heading4010_a92c8b-2e\">4.\u00a0<strong>O clima da comunidade<\/strong><\/h2>\n\n\n\n<p>Este espa\u00e7o \u00e9 tanto seu quanto nosso.<br\/>N\u00f3s incentivamos voc\u00ea a:<\/p>\n\n\n\n<ul class=\"wp-block-list\">\n<li>Compartilhar ideias e dicas \u00fateis<\/li>\n\n\n\n<li>Fazer \u00f3timas perguntas<\/li>\n\n\n\n<li>Ouvir com a mente aberta<\/li>\n\n\n\n<li>Nos ajudar a manter o ambiente seguro e divertido, denunciando comportamentos inadequados<\/li>\n<\/ul>\n\n\n\n<hr class=\"wp-block-separator has-alpha-channel-opacity\"\/>\n\n\n<style>.wp-block-kadence-advancedheading.kt-adv-heading4010_41900e-99, .wp-block-kadence-advancedheading.kt-adv-heading4010_41900e-99[data-kb-block=\"kb-adv-heading4010_41900e-99\"]{font-style:normal;}.wp-block-kadence-advancedheading.kt-adv-heading4010_41900e-99 mark.kt-highlight, .wp-block-kadence-advancedheading.kt-adv-heading4010_41900e-99[data-kb-block=\"kb-adv-heading4010_41900e-99\"] mark.kt-highlight{font-style:normal;color:#f76a0c;-webkit-box-decoration-break:clone;box-decoration-break:clone;padding-top:0px;padding-right:0px;padding-bottom:0px;padding-left:0px;}.wp-block-kadence-advancedheading.kt-adv-heading4010_41900e-99 img.kb-inline-image, .wp-block-kadence-advancedheading.kt-adv-heading4010_41900e-99[data-kb-block=\"kb-adv-heading4010_41900e-99\"] img.kb-inline-image{width:150px;vertical-align:baseline;}<\/style>\n<h2 class=\"kt-adv-heading4010_41900e-99 wp-block-kadence-advancedheading\" data-kb-block=\"kb-adv-heading4010_41900e-99\">5.\u00a0<strong>Se algo der errado<\/strong><\/h2>\n\n\n\n<p>Se algu\u00e9m quebrar as regras (ou o clima), n\u00f3s poderemos:<\/p>\n\n\n\n<ul class=\"wp-block-list\">\n<li>Dar um toque ou um lembrete amig\u00e1vel<\/li>\n\n\n\n<li>Suspender contas temporariamente<\/li>\n\n\n\n<li>Remover permanentemente as contas em casos graves (odiamos fazer isso, mas faremos se for necess\u00e1rio)<\/li>\n<\/ul>\n\n\n\n<hr class=\"wp-block-separator has-alpha-channel-opacity\"\/>\n\n\n\n<blockquote class=\"wp-block-quote is-layout-flow wp-block-quote-is-layout-flow\">\n<h2 class=\"wp-block-heading\">6.\u00a0<strong>Atualiza\u00e7\u00f5es acontecem<\/strong><\/h2>\n<\/blockquote>\n\n\n\n<p>Podemos atualizar estes termos de vez em quando. Se isso acontecer, avisaremos no site ou por e-mail. Continuar por aqui depois das mudan\u00e7as significa que voc\u00ea est\u00e1 de boa com elas.<\/p>\n\n\n\n<hr class=\"wp-block-separator has-alpha-channel-opacity\"\/>\n\n\n<style>.wp-block-kadence-advancedheading.kt-adv-heading4010_f53f2d-3d, .wp-block-kadence-advancedheading.kt-adv-heading4010_f53f2d-3d[data-kb-block=\"kb-adv-heading4010_f53f2d-3d\"]{font-style:normal;}.wp-block-kadence-advancedheading.kt-adv-heading4010_f53f2d-3d mark.kt-highlight, .wp-block-kadence-advancedheading.kt-adv-heading4010_f53f2d-3d[data-kb-block=\"kb-adv-heading4010_f53f2d-3d\"] mark.kt-highlight{font-style:normal;color:#f76a0c;-webkit-box-decoration-break:clone;box-decoration-break:clone;padding-top:0px;padding-right:0px;padding-bottom:0px;padding-left:0px;}.wp-block-kadence-advancedheading.kt-adv-heading4010_f53f2d-3d img.kb-inline-image, .wp-block-kadence-advancedheading.kt-adv-heading4010_f53f2d-3d[data-kb-block=\"kb-adv-heading4010_f53f2d-3d\"] img.kb-inline-image{width:150px;vertical-align:baseline;}<\/style>\n<h2 class=\"kt-adv-heading4010_f53f2d-3d wp-block-kadence-advancedheading\" data-kb-block=\"kb-adv-heading4010_f53f2d-3d\">7.\u00a0<strong>Fale com a gente!<\/strong><\/h2>\n\n\n\n<p>Tem alguma pergunta? Quer denunciar algo? Ou s\u00f3 dar um oi?<br\/>Fale com a gente a qualquer hora, somos humanos e estamos <a href=\"https:\/\/speechgenie.co\/pt-br\/contate-nos\/\" title=\"\">aqui.<\/a><\/p>\n\n\n\n<hr class=\"wp-block-separator has-alpha-channel-opacity\"\/>\n\n\n<style>.wp-block-kadence-advancedheading.kt-adv-heading4010_66b8ba-8e, .wp-block-kadence-advancedheading.kt-adv-heading4010_66b8ba-8e[data-kb-block=\"kb-adv-heading4010_66b8ba-8e\"]{font-style:normal;}.wp-block-kadence-advancedheading.kt-adv-heading4010_66b8ba-8e mark.kt-highlight, .wp-block-kadence-advancedheading.kt-adv-heading4010_66b8ba-8e[data-kb-block=\"kb-adv-heading4010_66b8ba-8e\"] mark.kt-highlight{font-style:normal;color:#f76a0c;-webkit-box-decoration-break:clone;box-decoration-break:clone;padding-top:0px;padding-right:0px;padding-bottom:0px;padding-left:0px;}.wp-block-kadence-advancedheading.kt-adv-heading4010_66b8ba-8e img.kb-inline-image, .wp-block-kadence-advancedheading.kt-adv-heading4010_66b8ba-8e[data-kb-block=\"kb-adv-heading4010_66b8ba-8e\"] img.kb-inline-image{width:150px;vertical-align:baseline;}<\/style>\n<h2 class=\"kt-adv-heading4010_66b8ba-8e wp-block-kadence-advancedheading\" data-kb-block=\"kb-adv-heading4010_66b8ba-8e\">8.\u00a0<strong>Acesso VIP (Um aviso!)<\/strong><\/h2>\n\n\n<style>.wp-block-kadence-advancedheading.kt-adv-heading4010_3e652a-f5, .wp-block-kadence-advancedheading.kt-adv-heading4010_3e652a-f5[data-kb-block=\"kb-adv-heading4010_3e652a-f5\"]{font-style:normal;}.wp-block-kadence-advancedheading.kt-adv-heading4010_3e652a-f5 mark.kt-highlight, .wp-block-kadence-advancedheading.kt-adv-heading4010_3e652a-f5[data-kb-block=\"kb-adv-heading4010_3e652a-f5\"] mark.kt-highlight{font-style:normal;color:#f76a0c;-webkit-box-decoration-break:clone;box-decoration-break:clone;padding-top:0px;padding-right:0px;padding-bottom:0px;padding-left:0px;}.wp-block-kadence-advancedheading.kt-adv-heading4010_3e652a-f5 img.kb-inline-image, .wp-block-kadence-advancedheading.kt-adv-heading4010_3e652a-f5[data-kb-block=\"kb-adv-heading4010_3e652a-f5\"] img.kb-inline-image{width:150px;vertical-align:baseline;}<\/style>\n<p class=\"kt-adv-heading4010_3e652a-f5 wp-block-kadence-advancedheading\" data-kb-block=\"kb-adv-heading4010_3e652a-f5\">Alguns de voc\u00eas est\u00e3o reservando o\u00a0<strong>acesso VIP<\/strong> \u2014 que demais!<br\/>Neste momento, o acesso VIP \u00e9 apenas uma forma de\u00a0<strong>garantir sua vaga<\/strong> com anteced\u00eancia. Os detalhes e benef\u00edcios da assinatura VIP\u00a0<strong>ainda est\u00e3o sendo definidos<\/strong>, e manteremos voc\u00ea informado assim que tivermos novidades.<br\/>Ao se inscrever agora, voc\u00ea est\u00e1 apenas chegando na frente. Sem compromissos, sem surpresas.<\/p>\n\n\n\n<hr class=\"wp-block-separator has-alpha-channel-opacity\"\/>\n\n\n\n<p>Ao fazer login e entrar para a comunidade do\u00a0<strong>Speech Genie<\/strong>, voc\u00ea concorda em manter este um lugar amig\u00e1vel e respeitoso. Obrigado por ser incr\u00edvel!<\/p>\n<\/div><\/div>\n\n<\/div><\/div>","protected":false},"excerpt":{"rendered":"<p>Termos de Servi\u00e7o da Comunidade Data de vig\u00eancia:\u00a020260130Boas-vindas ao\u00a0Speech Genie em https:\/\/speechgenie.co\/! Estamos muito felizes por ter voc\u00ea aqui. Seja fazendo login pelo Google, Facebook ou de outra forma, ao entrar no nosso espa\u00e7o, voc\u00ea concorda com estas simples diretrizes da comunidade. Isto n\u00e3o \u00e9 um documento legal. \u00c9 s\u00f3 um lembrete amig\u00e1vel de como&#8230;<\/p>\n","protected":false},"author":4,"featured_media":0,"parent":0,"menu_order":0,"comment_status":"closed","ping_status":"closed","template":"","meta":{"_acf_changed":false,"_kad_blocks_custom_css":"","_kad_blocks_head_custom_js":"","_kad_blocks_body_custom_js":"","_kad_blocks_footer_custom_js":"","_kad_post_transparent":"","_kad_post_title":"","_kad_post_layout":"","_kad_post_sidebar_id":"","_kad_post_content_style":"","_kad_post_vertical_padding":"","_kad_post_feature":"","_kad_post_feature_position":"","_kad_post_header":false,"_kad_post_footer":false,"_kad_post_classname":"","slim_seo":{"title":"Termos de Servi\u00e7o - Speech Genie","description":""},"footnotes":""},"class_list":["post-34628","page","type-page","status-publish","hentry"],"acf":[],"taxonomy_info":[],"featured_image_src_large":false,"author_info":{"display_name":"noone","author_link":"https:\/\/speechgenie.co\/pt-br\/author\/noone\/"},"comment_info":0,"ase":null,"_links":{"self":[{"href":"https:\/\/speechgenie.co\/pt-br\/wp-json\/wp\/v2\/pages\/34628","targetHints":{"allow":["GET"]}}],"collection":[{"href":"https:\/\/speechgenie.co\/pt-br\/wp-json\/wp\/v2\/pages"}],"about":[{"href":"https:\/\/speechgenie.co\/pt-br\/wp-json\/wp\/v2\/types\/page"}],"author":[{"embeddable":true,"href":"https:\/\/speechgenie.co\/pt-br\/wp-json\/wp\/v2\/users\/4"}],"replies":[{"embeddable":true,"href":"https:\/\/speechgenie.co\/pt-br\/wp-json\/wp\/v2\/comments?post=34628"}],"version-history":[{"count":1,"href":"https:\/\/speechgenie.co\/pt-br\/wp-json\/wp\/v2\/pages\/34628\/revisions"}],"predecessor-version":[{"id":34629,"href":"https:\/\/speechgenie.co\/pt-br\/wp-json\/wp\/v2\/pages\/34628\/revisions\/34629"}],"wp:attachment":[{"href":"https:\/\/speechgenie.co\/pt-br\/wp-json\/wp\/v2\/media?parent=34628"}],"curies":[{"name":"wp","href":"https:\/\/api.w.org\/{rel}","templated":true}]}}